{"id":3,"date":"2024-03-12T22:04:37","date_gmt":"2024-03-12T22:04:37","guid":{"rendered":"https:\/\/dev.ristra.co\/home\/dev\/public_html\/?page_id=3"},"modified":"2024-04-01T21:39:32","modified_gmt":"2024-04-01T21:39:32","slug":"privacy-policy","status":"publish","type":"page","link":"https:\/\/dev.ristra.co\/?page_id=3","title":{"rendered":"POLITICA DE TRATAMIENTO DE DATOS PERSONALES IMH CENTER SAS"},"content":{"rendered":"\t\t<div data-elementor-type=\"wp-page\" data-elementor-id=\"3\" class=\"elementor elementor-3\" data-elementor-post-type=\"page\">\n\t\t\t\t\t\t<section class=\"elementor-section elementor-top-section elementor-element elementor-element-358338b elementor-section-boxed elementor-section-height-default elementor-section-height-default\" data-id=\"358338b\" data-element_type=\"section\" data-settings=\"{&quot;background_background&quot;:&quot;classic&quot;}\">\n\t\t\t\t\t\t<div class=\"elementor-container elementor-column-gap-default\">\n\t\t\t\t\t<div class=\"elementor-column elementor-col-100 elementor-top-column elementor-element elementor-element-36ee70c9\" data-id=\"36ee70c9\" data-element_type=\"column\">\n\t\t\t<div class=\"elementor-widget-wrap elementor-element-populated\">\n\t\t\t\t\t\t<div class=\"elementor-element elementor-element-1292df8 elementor-widget elementor-widget-heading\" data-id=\"1292df8\" data-element_type=\"widget\" data-widget_type=\"heading.default\">\n\t\t\t\t<div class=\"elementor-widget-container\">\n\t\t\t<style>\/*! elementor - v3.23.0 - 05-08-2024 *\/\n.elementor-heading-title{padding:0;margin:0;line-height:1}.elementor-widget-heading .elementor-heading-title[class*=elementor-size-]>a{color:inherit;font-size:inherit;line-height:inherit}.elementor-widget-heading .elementor-heading-title.elementor-size-small{font-size:15px}.elementor-widget-heading .elementor-heading-title.elementor-size-medium{font-size:19px}.elementor-widget-heading .elementor-heading-title.elementor-size-large{font-size:29px}.elementor-widget-heading .elementor-heading-title.elementor-size-xl{font-size:39px}.elementor-widget-heading .elementor-heading-title.elementor-size-xxl{font-size:59px}<\/style><h2 class=\"elementor-heading-title elementor-size-default\">POLITICA DE TRATAMIENTO DE DATOS PERSONALES IMH CENTER SAS<\/h2>\t\t<\/div>\n\t\t\t\t<\/div>\n\t\t\t\t<div class=\"elementor-element elementor-element-59b9d78 elementor-widget-divider--view-line elementor-widget elementor-widget-divider\" data-id=\"59b9d78\" data-element_type=\"widget\" data-widget_type=\"divider.default\">\n\t\t\t\t<div class=\"elementor-widget-container\">\n\t\t\t<style>\/*! elementor - v3.23.0 - 05-08-2024 *\/\n.elementor-widget-divider{--divider-border-style:none;--divider-border-width:1px;--divider-color:#0c0d0e;--divider-icon-size:20px;--divider-element-spacing:10px;--divider-pattern-height:24px;--divider-pattern-size:20px;--divider-pattern-url:none;--divider-pattern-repeat:repeat-x}.elementor-widget-divider .elementor-divider{display:flex}.elementor-widget-divider .elementor-divider__text{font-size:15px;line-height:1;max-width:95%}.elementor-widget-divider .elementor-divider__element{margin:0 var(--divider-element-spacing);flex-shrink:0}.elementor-widget-divider .elementor-icon{font-size:var(--divider-icon-size)}.elementor-widget-divider .elementor-divider-separator{display:flex;margin:0;direction:ltr}.elementor-widget-divider--view-line_icon .elementor-divider-separator,.elementor-widget-divider--view-line_text .elementor-divider-separator{align-items:center}.elementor-widget-divider--view-line_icon .elementor-divider-separator:after,.elementor-widget-divider--view-line_icon .elementor-divider-separator:before,.elementor-widget-divider--view-line_text .elementor-divider-separator:after,.elementor-widget-divider--view-line_text .elementor-divider-separator:before{display:block;content:\"\";border-block-end:0;flex-grow:1;border-block-start:var(--divider-border-width) var(--divider-border-style) var(--divider-color)}.elementor-widget-divider--element-align-left .elementor-divider .elementor-divider-separator>.elementor-divider__svg:first-of-type{flex-grow:0;flex-shrink:100}.elementor-widget-divider--element-align-left .elementor-divider-separator:before{content:none}.elementor-widget-divider--element-align-left .elementor-divider__element{margin-left:0}.elementor-widget-divider--element-align-right .elementor-divider .elementor-divider-separator>.elementor-divider__svg:last-of-type{flex-grow:0;flex-shrink:100}.elementor-widget-divider--element-align-right .elementor-divider-separator:after{content:none}.elementor-widget-divider--element-align-right .elementor-divider__element{margin-right:0}.elementor-widget-divider--element-align-start .elementor-divider .elementor-divider-separator>.elementor-divider__svg:first-of-type{flex-grow:0;flex-shrink:100}.elementor-widget-divider--element-align-start .elementor-divider-separator:before{content:none}.elementor-widget-divider--element-align-start .elementor-divider__element{margin-inline-start:0}.elementor-widget-divider--element-align-end .elementor-divider .elementor-divider-separator>.elementor-divider__svg:last-of-type{flex-grow:0;flex-shrink:100}.elementor-widget-divider--element-align-end .elementor-divider-separator:after{content:none}.elementor-widget-divider--element-align-end .elementor-divider__element{margin-inline-end:0}.elementor-widget-divider:not(.elementor-widget-divider--view-line_text):not(.elementor-widget-divider--view-line_icon) .elementor-divider-separator{border-block-start:var(--divider-border-width) var(--divider-border-style) var(--divider-color)}.elementor-widget-divider--separator-type-pattern{--divider-border-style:none}.elementor-widget-divider--separator-type-pattern.elementor-widget-divider--view-line .elementor-divider-separator,.elementor-widget-divider--separator-type-pattern:not(.elementor-widget-divider--view-line) .elementor-divider-separator:after,.elementor-widget-divider--separator-type-pattern:not(.elementor-widget-divider--view-line) .elementor-divider-separator:before,.elementor-widget-divider--separator-type-pattern:not([class*=elementor-widget-divider--view]) .elementor-divider-separator{width:100%;min-height:var(--divider-pattern-height);-webkit-mask-size:var(--divider-pattern-size) 100%;mask-size:var(--divider-pattern-size) 100%;-webkit-mask-repeat:var(--divider-pattern-repeat);mask-repeat:var(--divider-pattern-repeat);background-color:var(--divider-color);-webkit-mask-image:var(--divider-pattern-url);mask-image:var(--divider-pattern-url)}.elementor-widget-divider--no-spacing{--divider-pattern-size:auto}.elementor-widget-divider--bg-round{--divider-pattern-repeat:round}.rtl .elementor-widget-divider .elementor-divider__text{direction:rtl}.e-con-inner>.elementor-widget-divider,.e-con>.elementor-widget-divider{width:var(--container-widget-width,100%);--flex-grow:var(--container-widget-flex-grow)}<\/style>\t\t<div class=\"elementor-divider\">\n\t\t\t<span class=\"elementor-divider-separator\">\n\t\t\t\t\t\t<\/span>\n\t\t<\/div>\n\t\t\t\t<\/div>\n\t\t\t\t<\/div>\n\t\t\t\t<div class=\"elementor-element elementor-element-3cede249 elementor-widget__width-initial elementor-widget elementor-widget-text-editor\" data-id=\"3cede249\" data-element_type=\"widget\" data-widget_type=\"text-editor.default\">\n\t\t\t\t<div class=\"elementor-widget-container\">\n\t\t\t<style>\/*! elementor - v3.23.0 - 05-08-2024 *\/\n.elementor-widget-text-editor.elementor-drop-cap-view-stacked .elementor-drop-cap{background-color:#69727d;color:#fff}.elementor-widget-text-editor.elementor-drop-cap-view-framed .elementor-drop-cap{color:#69727d;border:3px solid;background-color:transparent}.elementor-widget-text-editor:not(.elementor-drop-cap-view-default) .elementor-drop-cap{margin-top:8px}.elementor-widget-text-editor:not(.elementor-drop-cap-view-default) .elementor-drop-cap-letter{width:1em;height:1em}.elementor-widget-text-editor .elementor-drop-cap{float:left;text-align:center;line-height:1;font-size:50px}.elementor-widget-text-editor .elementor-drop-cap-letter{display:inline-block}<\/style>\t\t\t\t<p><!-- wp:heading --><\/p>\n<h4>1. Objeto<\/h4>\n<p><!-- \/wp:paragraph --><!-- wp:paragraph --><\/p>\n<p>Conforme a lo establecido en la Constituci\u00f3n Pol\u00edtica de Colombia (arts. 15 y 20), Ley 1581 de 2012 y al Decreto 1377 de 2013, en donde est\u00e1 comprometida el uso legal, el tratamiento\u00a0de acuerdo con los fines establecidos de la informaci\u00f3n, as\u00ed como de la seguridad, la\u00a0privacidad y la responsabilidad en el manejo de datos personales que se almacenan y\u00a0recolectan para las actividades de IMH CENTER SAS, se presentan las condiciones definidas para la obtenci\u00f3n de la autorizaci\u00f3n de los titulares, para efectuar el tratamiento de los datos personales, las finalidades de uso, los derechos que le asisten a sus titulares, as\u00ed como la responsabilidad en la administraci\u00f3n de esta informaci\u00f3n.<\/p>\n<p><!-- \/wp:paragraph --><!-- wp:heading --><\/p>\n<h4>2. Responsable del tratamiento<\/h4>\n<p><!-- \/wp:heading --><!-- wp:paragraph --><\/p>\n<ul>\n<li>Domicilio: Bogot\u00e1 D.C.<\/li>\n<li>Direcci\u00f3n: Calle 134 Bis 89 A 05 CA 2.<\/li>\n<li>Correo electr\u00f3nico: info@imhcenter.com<\/li>\n<li>Tel\u00e9fono: 3507759186<\/li>\n<\/ul>\n<div>\u00a0<\/div>\n<p>A trav\u00e9s de este correo electr\u00f3nico se debe enviar la respectiva solicitud con una imagen como evidencia del requerimiento.<\/p>\n<p><!-- \/wp:paragraph --><!-- wp:heading --><\/p>\n<h4>3. Definiciones:<\/h4>\n<p><!-- \/wp:heading --><!-- wp:paragraph --><\/p>\n<p>Autorizaci\u00f3n: Consentimiento previo, expreso e informado del titular para llevar a cabo el tratamiento de datos personales.<\/p>\n<p>Aviso de privacidad: Comunicaci\u00f3n verbal o escrita generada por el responsable, dirigida al titular para el tratamiento de sus datos personales, mediante la cual se le informa acerca de la existencia de las pol\u00edticas de tratamiento de informaci\u00f3n que le ser\u00e1n aplicables, la forma de acceder a las mismas y las finalidades del tratamiento que se pretende dar a los datos personales.<\/p>\n<p>Base de datos: Conjunto organizado de datos personales que sea objeto de tratamiento<\/p>\n<p>Dato p\u00fablico: Es el dato que no sea semiprivado, privado o sensible. Son considerados datos p\u00fablicos, entre otros, los datos relativos al estado civil de las personas, a su profesi\u00f3n u oficio y a su calidad de comerciante o de servidor p\u00fablico.<\/p>\n<p>Dato sensible: Se entiende por datos sensibles aquellos que afectan la intimidad del titular o cuyo uso indebido puede generar su discriminaci\u00f3n, tales como aquellos que revelen el origen racial o \u00e9tnico, la orientaci\u00f3n pol\u00edtica, las convicciones religiosas o filos\u00f3ficas, la pertenencia a sindicatos, organizaciones sociales, de derechos humanos o que promueva intereses de cualquier partido pol\u00edtico.<\/p>\n<p>Transmisi\u00f3n: Tratamiento de datos personales que implica la comunicaci\u00f3n de los mismos dentro o fuera del territorio de la Rep\u00fablica de Colombia cuando tenga por objeto la realizaci\u00f3n de un tratamiento por el encargado por cuenta del responsable.<\/p>\n<p>Tratamiento: Cualquier operaci\u00f3n o conjunto de operaciones sobre datos personales, tales como la recolecci\u00f3n, almacenamiento, uso, circulaci\u00f3n o supresi\u00f3n.<\/p>\n<p>Aviso de privacidad: Comunicaci\u00f3n verbal o escrita generada por el responsable, dirigida al titular para el tratamiento de sus datos personales, mediante la cual se le informa acerca de la existencia de las pol\u00edticas de tratamiento de la informaci\u00f3n que le ser\u00e1n aplicables, la forma de acceder a las mismas y las finalidades del tratamiento que se pretende dar a los datos personales.<\/p>\n<p><!-- \/wp:paragraph --><!-- wp:heading --><\/p>\n<h4>4. Alcance:<\/h4>\n<p><!-- \/wp:heading --><!-- wp:paragraph --><\/p>\n<p>La pol\u00edtica presentada aplica para toda la informaci\u00f3n personal registrada en las bases de datos de IMH CENTER SAS como responsable del tratamiento de datos personales. Este alcance tambi\u00e9n aplica a los colaboradores de la compa\u00f1\u00eda, as\u00ed como a contratistas y terceros que apoyen actividades dentro de la misma.<\/p>\n<p><!-- \/wp:paragraph --><!-- wp:paragraph --><\/p>\n<p>\u00a0<\/p>\n<p><!-- \/wp:paragraph --><!-- wp:heading --><\/p>\n<h4>5. Tratamiento datos personales:<\/h4>\n<p><!-- \/wp:heading --><!-- wp:paragraph --><\/p>\n<p>IMH CENTER SAS, a trav\u00e9s de sus actividades comerciales, realiza la recolecci\u00f3n, recepci\u00f3n,\u00a0<span style=\"color: var( --e-global-color-text ); font-family: var( --e-global-typography-text-font-family ), Sans-serif; font-weight: var( --e-global-typography-text-font-weight ); font-size: 1rem;\">almacenamiento, uso, de informaci\u00f3n de clientes considerada sensible. El tratamiento\u00a0<\/span><span style=\"color: var( --e-global-color-text ); font-family: var( --e-global-typography-text-font-family ), Sans-serif; font-weight: var( --e-global-typography-text-font-weight ); font-size: 1rem;\">espec\u00edfico para cada base de datos personales debe ser definido, autorizado previamente,\u00a0<\/span><span style=\"color: var( --e-global-color-text ); font-family: var( --e-global-typography-text-font-family ), Sans-serif; font-weight: var( --e-global-typography-text-font-weight ); font-size: 1rem;\">registrado y comunicado al titular de la informaci\u00f3n, de acuerdo a lo establecido dentro de\u00a0<\/span><span style=\"color: var( --e-global-color-text ); font-family: var( --e-global-typography-text-font-family ), Sans-serif; font-weight: var( --e-global-typography-text-font-weight ); font-size: 1rem;\">los procesos de contrataci\u00f3n y\/o acuerdos comerciales.<\/span><\/p>\n<p><span style=\"color: var( --e-global-color-text ); font-family: var( --e-global-typography-text-font-family ), Sans-serif; font-weight: var( --e-global-typography-text-font-weight ); font-size: 1rem;\">\u00a0<\/span><\/p>\n<p><!-- \/wp:heading --><!-- wp:paragraph --><\/p>\n<p><strong>a. Informaci\u00f3n sensible\u00a0<\/strong><\/p>\n<p>IMH CENTER SAS dar\u00e1 el respectivo tratamiento de informaci\u00f3n sensible cuando se trate de las siguientes condiciones.<\/p>\n<p><!-- \/wp:paragraph --><!-- wp:paragraph --><\/p>\n<p>1. Cuando el titular autorice el tratamiento de la informaci\u00f3n en forma escrita. Esta condici\u00f3n excluye la solicitud de la misma por requisitos legales.<br \/>2. Toda informaci\u00f3n que involucre la integridad del propietario de la informaci\u00f3n por alguna incapacidad o aquellos en los cuales un tercero como un representante legal autorice su uso.<br \/>3. Toda informaci\u00f3n que involucre estados de salud, sexualidad, religi\u00f3n, pol\u00edtica o condiciones jur\u00eddicas del titular.<\/p>\n<p>4. Actividades comerciales que involucren miembros de las compa\u00f1\u00edas o clientes en los que se identifiquen n\u00fameros de contactos. La entrega de dicha informaci\u00f3n solo ser\u00e1 autorizada por el representante legal o due\u00f1o de la informaci\u00f3n o titular.<br \/>5. Procesos cient\u00edficos, investigaci\u00f3n, descubrimientos, hist\u00f3ricos, los cuales por responsabilidad se obliga a suprimir la identidad de los titulares antes de su recepci\u00f3n.<br \/>6. El tratamiento de datos personales que responda y respete el inter\u00e9s superior de ni\u00f1os, ni\u00f1as y adolescentes, excepto cuando se trate de datos de naturaleza p\u00fablica en los que se asegure el respeto de sus derechos fundamentales. Que responda asegure y respete el inter\u00e9s superior de los ni\u00f1os, ni\u00f1as y adolescentes y asegure el respeto de sus derechos fundamentales. Su valoraci\u00f3n y derechos debe tramitarse a trav\u00e9s de un adulto responsable o tener en cuenta su opini\u00f3n cuando este cuente con la madurez, autonom\u00eda y capacidad para entender el asunto.<br \/>7. Informaci\u00f3n P\u00fablica se considera a toda la informaci\u00f3n no clasificada dentro de las condiciones de informaci\u00f3n sensible.<\/p>\n<p>\u00a0<\/p>\n<p><!-- \/wp:heading --><!-- wp:paragraph --><\/p>\n<p><b>b. Responsabilidades tratamiento datos personales<\/b><\/p>\n<p>IMH CENTER SAS realizar\u00e1 el tratamiento de datos personales para los siguientes fines<br \/>a. Exclusivamente en el manejo de lo estipulado en los procesos de contrataci\u00f3n.<br \/>b. Cuando se requiera gestionar solicitudes del titular, o requisitos legales.<br \/>c. Cuando se requiera dar respuesta a una reclamaci\u00f3n relacionada con actualizaciones, rectificaci\u00f3n o cambios de alcance ya analizados de la contrataci\u00f3n.<br \/>d. Manejo de informaci\u00f3n estad\u00edstica, reportes e informes con el titular o due\u00f1o de la informaci\u00f3n.<\/p>\n<p>\u00a0<\/p>\n<p><!-- \/wp:heading --><!-- wp:paragraph --><\/p>\n<p><b>c. Deberes en el tratamiento de datos<\/b><\/p>\n<p>IMH CENTER SAS en lo posible conciliar\u00e1 que el almacenaje de la informaci\u00f3n y bases de datos se realice en servidores de administraci\u00f3n del titular o due\u00f1o de la informaci\u00f3n. El acceso a la informaci\u00f3n y bases de datos solo se lograr\u00e1 cuando tramiten los respectivos permisos a su acceso.<br \/>Cuando el almacenaje de informaci\u00f3n y bases de datos se realiza en servidores de IMH CENTER SAS deber\u00e1:<\/p>\n<p>a. Garantizar condiciones de seguridad, en los que se impida el acceso no autorizaci\u00f3n <span style=\"color: var( --e-global-color-text ); font-family: var( --e-global-typography-text-font-family ), Sans-serif; font-weight: var( --e-global-typography-text-font-weight ); font-size: 1rem;\">o fraudulento.<\/span><\/p>\n<p>b. Impedir adulteraci\u00f3n, p\u00e9rdida, o consultas no autorizadas.<\/p>\n<p>c. Rectificar informaci\u00f3n incorrecta previo aviso escrito al titular para su ajuste.<\/p>\n<p>d. Tramitar reclamaciones a trav\u00e9s del \u00e1rea de servicio al cliente con tiempo m\u00e1ximo\u00a0<span style=\"color: var( --e-global-color-text ); font-family: var( --e-global-typography-text-font-family ), Sans-serif; font-weight: var( --e-global-typography-text-font-weight ); font-size: 1rem;\">de 15 d\u00edas, dando cumplimiento a lo estipulado en art. 18 de la Ley 1581 de 2012\u00a0<\/span><span style=\"color: var( --e-global-color-text ); font-family: var( --e-global-typography-text-font-family ), Sans-serif; font-weight: var( --e-global-typography-text-font-weight ); font-size: 1rem;\">\u201cDeberes de los responsables del tratamiento y encargados del tratamiento<\/span><\/p>\n<p>\u00a0<\/p>\n<p><b>d. Medidas de seguridad a implementar<\/b><\/p>\n<p>IMH CENTER SAS en funci\u00f3n de su responsabilidad en el manejo de las bases de datos e informaci\u00f3n sensible, mantendr\u00e1 protocolos de seguridad de obligatorio cumplimiento para el personal con acceso a los datos de car\u00e1cter personal y al sistema de informaci\u00f3n, mediante los siguientes procedimientos.<\/p>\n<p>a) Capacitaci\u00f3n del personal de IMH CENTER SAS acerca de la pol\u00edtica de tratamiento de datos personales.<br \/>b) Funciones y obligaciones del personal.<br \/>c) Procedimiento de notificaci\u00f3n, gesti\u00f3n y respuesta ante las incidencias.<br \/>d) Implementaci\u00f3n del procedimiento de realizaci\u00f3n de copias de respaldo y de recuperaci\u00f3n de los datos.<br \/>e) Controles peri\u00f3dicos<br \/>f) Medidas de entrega y trasporte de informaci\u00f3n, as\u00ed como responsabilidad en la eliminaci\u00f3n.<br \/>g) Actualizaci\u00f3n de disposiciones legales del documento.<\/p>\n<p>\u00a0<\/p>\n<p><b>e. Derechos de los titulares<\/b><\/p>\n<p>\u00a0<\/p>\n<p>\u2022 Ser informado de por el responsable o encargado del tratamiento en los casos en los que se presenten las solicitudes para las respectivas actualizaciones.<br \/>\u2022 Revocar la autorizaci\u00f3n y\/o solicitar la supresi\u00f3n del dato cuando en el Tratamiento no se respeten los principios, derechos y garant\u00edas constitucionales y legales. La revocatoria y\/o supresi\u00f3n proceder\u00e1 cuando la Autoridad de Protecci\u00f3n de Datos.<br \/>\u2022 Conocer, actualizar y rectificar sus datos personales frente a los responsables del Tratamiento o Encargados del Tratamiento. en los t\u00e9rminos de la Ley 1581 de 2012 (o en su defecto con las normas que la reglamenten, adicionen, ejecuten, complementen, modifiquen, supriman o deroguen).<br \/>\u2022 Solicitar prueba de la autorizaci\u00f3n otorgada al responsable del Tratamiento salvo cuando expresamente se except\u00fae como requisito para el Tratamiento, de<br \/>conformidad con lo previsto en el art\u00edculo 10 de la Ley 1581 de 2012.<br \/>\u2022 Presentar ante la Autoridad de Protecci\u00f3n de Datos Personales de Colombia quejas por infracciones a lo dispuesto en la Ley 1581 de 2012.<br \/>\u2022 La solicitud de supresi\u00f3n de la informaci\u00f3n y la revocatoria de la autorizaci\u00f3n no proceder\u00e1n cuando el Titular tenga un deber legal o contractual de permanecer en la base de datos o el responsable tenga el deber legal o contractual de continuar con el tratamiento.<br \/>\u2022 Acceder en forma gratuita a sus datos personales que hayan sido objeto de<br \/>Tratamiento.<\/p>\n<p>\u00a0<\/p>\n<p><b>f. Autorizaci\u00f3n<\/b><\/p>\n<p>Exceptuando los casos definidos en la Ley 1581 de 2012 (o en su defecto con las normas que la reglamenten, adicionen, ejecuten, complementen, modifiquen, supriman o deroguen), la autorizaci\u00f3n deber\u00e1 ser expresa e informada por el titular de la informaci\u00f3n en el sentido de incluir las finalidades espec\u00edficas del tratamiento para las cuales se obtiene el consentimiento, y obtenida por cualquier medio que pueda ser objeto de consulta posterior. En los casos en que se requiera contar con la autorizaci\u00f3n previa del titular la solicitar\u00e1 previamente.<\/p>\n<p>\u00a0<\/p>\n<p><b>VIGENCIA<\/b><\/p>\n<p>A partir de su publicaci\u00f3n esta pol\u00edtica tendr\u00e1 vigencia y solo ser\u00e1 ajustada por cambios a la normatividad relacionada.<\/p>\n<p><!-- \/wp:paragraph --><\/p>\t\t\t\t\t\t<\/div>\n\t\t\t\t<\/div>\n\t\t\t\t\t<\/div>\n\t\t<\/div>\n\t\t\t\t\t<\/div>\n\t\t<\/section>\n\t\t\t\t<\/div>\n\t\t","protected":false},"excerpt":{"rendered":"<p>POLITICA DE TRATAMIENTO DE DATOS PERSONALES IMH CENTER SAS 1. Objeto Conforme a lo establecido en la Constituci\u00f3n Pol\u00edtica de Colombia (arts. 15 y 20), Ley 1581 de 2012 y al Decreto 1377 de 2013, en donde est\u00e1 comprometida el uso legal, el tratamiento\u00a0de acuerdo con los fines establecidos de la informaci\u00f3n, as\u00ed como de [&hellip;]<\/p>\n","protected":false},"author":1,"featured_media":0,"parent":0,"menu_order":0,"comment_status":"closed","ping_status":"open","template":"","meta":{"footnotes":""},"class_list":["post-3","page","type-page","status-publish","hentry"],"_links":{"self":[{"href":"https:\/\/dev.ristra.co\/index.php?rest_route=\/wp\/v2\/pages\/3","targetHints":{"allow":["GET"]}}],"collection":[{"href":"https:\/\/dev.ristra.co\/index.php?rest_route=\/wp\/v2\/pages"}],"about":[{"href":"https:\/\/dev.ristra.co\/index.php?rest_route=\/wp\/v2\/types\/page"}],"author":[{"embeddable":true,"href":"https:\/\/dev.ristra.co\/index.php?rest_route=\/wp\/v2\/users\/1"}],"replies":[{"embeddable":true,"href":"https:\/\/dev.ristra.co\/index.php?rest_route=%2Fwp%2Fv2%2Fcomments&post=3"}],"version-history":[{"count":55,"href":"https:\/\/dev.ristra.co\/index.php?rest_route=\/wp\/v2\/pages\/3\/revisions"}],"predecessor-version":[{"id":1779,"href":"https:\/\/dev.ristra.co\/index.php?rest_route=\/wp\/v2\/pages\/3\/revisions\/1779"}],"wp:attachment":[{"href":"https:\/\/dev.ristra.co\/index.php?rest_route=%2Fwp%2Fv2%2Fmedia&parent=3"}],"curies":[{"name":"wp","href":"https:\/\/api.w.org\/{rel}","templated":true}]}}